{"id":2,"date":"2026-02-25T11:54:57","date_gmt":"2026-02-25T11:54:57","guid":{"rendered":"https:\/\/davidfleta.com\/?page_id=2"},"modified":"2026-03-19T13:12:28","modified_gmt":"2026-03-19T13:12:28","slug":"sample-page","status":"publish","type":"page","link":"https:\/\/davidfleta.com\/?page_id=2","title":{"rendered":"Contacto"},"content":{"rendered":"\t\t<div data-elementor-type=\"wp-page\" data-elementor-id=\"2\" class=\"elementor elementor-2\" data-elementor-post-type=\"page\">\n\t\t\t\t<div class=\"elementor-element elementor-element-5468d5d e-flex e-con-boxed e-con e-parent\" data-id=\"5468d5d\" data-element_type=\"container\" data-e-type=\"container\" data-settings=\"{&quot;background_background&quot;:&quot;classic&quot;}\">\n\t\t\t\t\t<div class=\"e-con-inner\">\n\t\t<div class=\"elementor-element elementor-element-5915377 e-con-full e-flex e-con e-child\" data-id=\"5915377\" data-element_type=\"container\" data-e-type=\"container\">\n\t\t<div class=\"elementor-element elementor-element-ada9fdd e-con-full e-flex e-con e-child\" data-id=\"ada9fdd\" data-element_type=\"container\" data-e-type=\"container\">\n\t\t<div class=\"elementor-element elementor-element-6e8c754 e-con-full e-flex e-con e-child\" data-id=\"6e8c754\" data-element_type=\"container\" data-e-type=\"container\">\n\t\t\t\t<div class=\"elementor-element elementor-element-2330258 elementor-widget elementor-widget-text-editor\" data-id=\"2330258\" data-element_type=\"widget\" data-e-type=\"widget\" data-widget_type=\"text-editor.default\">\n\t\t\t\t\t\t\t\t\t<p>Contacto directo<\/p>\t\t\t\t\t\t\t\t<\/div>\n\t\t\t\t<\/div>\n\t\t<div class=\"elementor-element elementor-element-1d1e6cb e-con-full e-flex e-con e-child\" data-id=\"1d1e6cb\" data-element_type=\"container\" data-e-type=\"container\">\n\t\t\t\t<div class=\"elementor-element elementor-element-9e56cf8 elementor-view-default elementor-widget elementor-widget-icon\" data-id=\"9e56cf8\" data-element_type=\"widget\" data-e-type=\"widget\" data-widget_type=\"icon.default\">\n\t\t\t\t\t\t\t<div class=\"elementor-icon-wrapper\">\n\t\t\t<div class=\"elementor-icon\">\n\t\t\t<svg aria-hidden=\"true\" class=\"e-font-icon-svg e-fab-buffer\" viewBox=\"0 0 448 512\" xmlns=\"http:\/\/www.w3.org\/2000\/svg\"><path d=\"M427.84 380.67l-196.5 97.82a18.6 18.6 0 0 1-14.67 0L20.16 380.67c-4-2-4-5.28 0-7.29L67.22 350a18.65 18.65 0 0 1 14.69 0l134.76 67a18.51 18.51 0 0 0 14.67 0l134.76-67a18.62 18.62 0 0 1 14.68 0l47.06 23.43c4.05 1.96 4.05 5.24 0 7.24zm0-136.53l-47.06-23.43a18.62 18.62 0 0 0-14.68 0l-134.76 67.08a18.68 18.68 0 0 1-14.67 0L81.91 220.71a18.65 18.65 0 0 0-14.69 0l-47.06 23.43c-4 2-4 5.29 0 7.31l196.51 97.8a18.6 18.6 0 0 0 14.67 0l196.5-97.8c4.05-2.02 4.05-5.3 0-7.31zM20.16 130.42l196.5 90.29a20.08 20.08 0 0 0 14.67 0l196.51-90.29c4-1.86 4-4.89 0-6.74L231.33 33.4a19.88 19.88 0 0 0-14.67 0l-196.5 90.28c-4.05 1.85-4.05 4.88 0 6.74z\"><\/path><\/svg>\t\t\t<\/div>\n\t\t<\/div>\n\t\t\t\t\t\t<\/div>\n\t\t\t\t<\/div>\n\t\t\t\t<\/div>\n\t\t\t\t<div class=\"elementor-element elementor-element-d751880 elementor-widget elementor-widget-text-editor\" data-id=\"d751880\" data-element_type=\"widget\" data-e-type=\"widget\" data-widget_type=\"text-editor.default\">\n\t\t\t\t\t\t\t\t\tSi has llegado hasta aqu\u00ed, probablemente compartimos intereses o existe una oportunidad de colaboraci\u00f3n.\t\t\t\t\t\t\t\t<\/div>\n\t\t\t\t<div class=\"elementor-element elementor-element-1bb5c38 elementor-widget-divider--view-line elementor-widget elementor-widget-divider\" data-id=\"1bb5c38\" data-element_type=\"widget\" data-e-type=\"widget\" data-widget_type=\"divider.default\">\n\t\t\t\t\t\t\t<div class=\"elementor-divider\">\n\t\t\t<span class=\"elementor-divider-separator\">\n\t\t\t\t\t\t<\/span>\n\t\t<\/div>\n\t\t\t\t\t\t<\/div>\n\t\t\t\t<\/div>\n\t\t<div class=\"elementor-element elementor-element-2e25e47 e-con-full e-flex e-con e-child\" data-id=\"2e25e47\" data-element_type=\"container\" data-e-type=\"container\">\n\t\t<div class=\"elementor-element elementor-element-9b9e9e0 e-con-full e-flex e-con e-child\" data-id=\"9b9e9e0\" data-element_type=\"container\" data-e-type=\"container\">\n\t\t<div class=\"elementor-element elementor-element-bcfe22d e-con-full e-flex e-con e-child\" data-id=\"bcfe22d\" data-element_type=\"container\" data-e-type=\"container\">\n\t\t\t\t<div class=\"elementor-element elementor-element-18177a1 elementor-widget elementor-widget-text-editor\" data-id=\"18177a1\" data-element_type=\"widget\" data-e-type=\"widget\" data-widget_type=\"text-editor.default\">\n\t\t\t\t\t\t\t\t\t<p>Experi\u00e9ncia\u00a0<\/p>\t\t\t\t\t\t\t\t<\/div>\n\t\t\t\t<\/div>\n\t\t<div class=\"elementor-element elementor-element-d688bb0 e-con-full e-flex e-con e-child\" data-id=\"d688bb0\" data-element_type=\"container\" data-e-type=\"container\">\n\t\t\t\t<div class=\"elementor-element elementor-element-f9cebf7 elementor-view-default elementor-widget elementor-widget-icon\" data-id=\"f9cebf7\" data-element_type=\"widget\" data-e-type=\"widget\" data-widget_type=\"icon.default\">\n\t\t\t\t\t\t\t<div class=\"elementor-icon-wrapper\">\n\t\t\t<div class=\"elementor-icon\">\n\t\t\t<svg aria-hidden=\"true\" class=\"e-font-icon-svg e-fab-buffer\" viewBox=\"0 0 448 512\" xmlns=\"http:\/\/www.w3.org\/2000\/svg\"><path d=\"M427.84 380.67l-196.5 97.82a18.6 18.6 0 0 1-14.67 0L20.16 380.67c-4-2-4-5.28 0-7.29L67.22 350a18.65 18.65 0 0 1 14.69 0l134.76 67a18.51 18.51 0 0 0 14.67 0l134.76-67a18.62 18.62 0 0 1 14.68 0l47.06 23.43c4.05 1.96 4.05 5.24 0 7.24zm0-136.53l-47.06-23.43a18.62 18.62 0 0 0-14.68 0l-134.76 67.08a18.68 18.68 0 0 1-14.67 0L81.91 220.71a18.65 18.65 0 0 0-14.69 0l-47.06 23.43c-4 2-4 5.29 0 7.31l196.51 97.8a18.6 18.6 0 0 0 14.67 0l196.5-97.8c4.05-2.02 4.05-5.3 0-7.31zM20.16 130.42l196.5 90.29a20.08 20.08 0 0 0 14.67 0l196.51-90.29c4-1.86 4-4.89 0-6.74L231.33 33.4a19.88 19.88 0 0 0-14.67 0l-196.5 90.28c-4.05 1.85-4.05 4.88 0 6.74z\"><\/path><\/svg>\t\t\t<\/div>\n\t\t<\/div>\n\t\t\t\t\t\t<\/div>\n\t\t\t\t<\/div>\n\t\t\t\t<\/div>\n\t\t\t\t<div class=\"elementor-element elementor-element-028d3c4 elementor-widget elementor-widget-text-editor\" data-id=\"028d3c4\" data-element_type=\"widget\" data-e-type=\"widget\" data-widget_type=\"text-editor.default\">\n\t\t\t\t\t\t\t\t\tMi experiencia abarca desde el desarrollo de producto hasta la gesti\u00f3n comercial y la formaci\u00f3n de equipos, por lo que puedo aportar valor en diferentes \u00e1reas del negocio.\t\t\t\t\t\t\t\t<\/div>\n\t\t\t\t<div class=\"elementor-element elementor-element-373271a elementor-widget-divider--view-line elementor-widget elementor-widget-divider\" data-id=\"373271a\" data-element_type=\"widget\" data-e-type=\"widget\" data-widget_type=\"divider.default\">\n\t\t\t\t\t\t\t<div class=\"elementor-divider\">\n\t\t\t<span class=\"elementor-divider-separator\">\n\t\t\t\t\t\t<\/span>\n\t\t<\/div>\n\t\t\t\t\t\t<\/div>\n\t\t\t\t<\/div>\n\t\t<div class=\"elementor-element elementor-element-f52267a e-con-full e-flex e-con e-child\" data-id=\"f52267a\" data-element_type=\"container\" data-e-type=\"container\">\n\t\t<div class=\"elementor-element elementor-element-e805849 e-con-full e-flex e-con e-child\" data-id=\"e805849\" data-element_type=\"container\" data-e-type=\"container\">\n\t\t<div class=\"elementor-element elementor-element-b0b2fe6 e-con-full e-flex e-con e-child\" data-id=\"b0b2fe6\" data-element_type=\"container\" data-e-type=\"container\">\n\t\t\t\t<div class=\"elementor-element elementor-element-01af388 elementor-widget elementor-widget-text-editor\" data-id=\"01af388\" data-element_type=\"widget\" data-e-type=\"widget\" data-widget_type=\"text-editor.default\">\n\t\t\t\t\t\t\t\t\t<p>Redes sociales y mail<\/p>\t\t\t\t\t\t\t\t<\/div>\n\t\t\t\t<\/div>\n\t\t<div class=\"elementor-element elementor-element-d6a89af e-con-full e-flex e-con e-child\" data-id=\"d6a89af\" data-element_type=\"container\" data-e-type=\"container\">\n\t\t\t\t<div class=\"elementor-element elementor-element-6b99d8d elementor-view-default elementor-widget elementor-widget-icon\" data-id=\"6b99d8d\" data-element_type=\"widget\" data-e-type=\"widget\" data-widget_type=\"icon.default\">\n\t\t\t\t\t\t\t<div class=\"elementor-icon-wrapper\">\n\t\t\t<div class=\"elementor-icon\">\n\t\t\t<svg aria-hidden=\"true\" class=\"e-font-icon-svg e-fab-buffer\" viewBox=\"0 0 448 512\" xmlns=\"http:\/\/www.w3.org\/2000\/svg\"><path d=\"M427.84 380.67l-196.5 97.82a18.6 18.6 0 0 1-14.67 0L20.16 380.67c-4-2-4-5.28 0-7.29L67.22 350a18.65 18.65 0 0 1 14.69 0l134.76 67a18.51 18.51 0 0 0 14.67 0l134.76-67a18.62 18.62 0 0 1 14.68 0l47.06 23.43c4.05 1.96 4.05 5.24 0 7.24zm0-136.53l-47.06-23.43a18.62 18.62 0 0 0-14.68 0l-134.76 67.08a18.68 18.68 0 0 1-14.67 0L81.91 220.71a18.65 18.65 0 0 0-14.69 0l-47.06 23.43c-4 2-4 5.29 0 7.31l196.51 97.8a18.6 18.6 0 0 0 14.67 0l196.5-97.8c4.05-2.02 4.05-5.3 0-7.31zM20.16 130.42l196.5 90.29a20.08 20.08 0 0 0 14.67 0l196.51-90.29c4-1.86 4-4.89 0-6.74L231.33 33.4a19.88 19.88 0 0 0-14.67 0l-196.5 90.28c-4.05 1.85-4.05 4.88 0 6.74z\"><\/path><\/svg>\t\t\t<\/div>\n\t\t<\/div>\n\t\t\t\t\t\t<\/div>\n\t\t\t\t<\/div>\n\t\t\t\t<\/div>\n\t\t\t\t<div class=\"elementor-element elementor-element-f47deec elementor-widget elementor-widget-text-editor\" data-id=\"f47deec\" data-element_type=\"widget\" data-e-type=\"widget\" data-widget_type=\"text-editor.default\">\n\t\t\t\t\t\t\t\t\t<p>dgfleta@yahoo.es<br \/>linkedin.com\/in\/david-fleta-gonz\u00e1lez-398bb763<\/p><p>wwwdavidfleta.com<\/p>\t\t\t\t\t\t\t\t<\/div>\n\t\t\t\t<div class=\"elementor-element elementor-element-cba0b2e elementor-shape-circle elementor-grid-0 e-grid-align-center elementor-widget elementor-widget-social-icons\" data-id=\"cba0b2e\" data-element_type=\"widget\" data-e-type=\"widget\" data-widget_type=\"social-icons.default\">\n\t\t\t\t\t\t\t<div class=\"elementor-social-icons-wrapper elementor-grid\" role=\"list\">\n\t\t\t\t\t\t\t<span class=\"elementor-grid-item\" role=\"listitem\">\n\t\t\t\t\t<a class=\"elementor-icon elementor-social-icon elementor-social-icon-facebook elementor-repeater-item-29fe666\" target=\"_blank\">\n\t\t\t\t\t\t<span class=\"elementor-screen-only\">Facebook<\/span>\n\t\t\t\t\t\t<svg aria-hidden=\"true\" class=\"e-font-icon-svg e-fab-facebook\" viewBox=\"0 0 512 512\" xmlns=\"http:\/\/www.w3.org\/2000\/svg\"><path d=\"M504 256C504 119 393 8 256 8S8 119 8 256c0 123.78 90.69 226.38 209.25 245V327.69h-63V256h63v-54.64c0-62.15 37-96.48 93.67-96.48 27.14 0 55.52 4.84 55.52 4.84v61h-31.28c-30.8 0-40.41 19.12-40.41 38.73V256h68.78l-11 71.69h-57.78V501C413.31 482.38 504 379.78 504 256z\"><\/path><\/svg>\t\t\t\t\t<\/a>\n\t\t\t\t<\/span>\n\t\t\t\t\t\t\t<span class=\"elementor-grid-item\" role=\"listitem\">\n\t\t\t\t\t<a class=\"elementor-icon elementor-social-icon elementor-social-icon-twitter elementor-repeater-item-e068c4f\" target=\"_blank\">\n\t\t\t\t\t\t<span class=\"elementor-screen-only\">Twitter<\/span>\n\t\t\t\t\t\t<svg aria-hidden=\"true\" class=\"e-font-icon-svg e-fab-twitter\" viewBox=\"0 0 512 512\" xmlns=\"http:\/\/www.w3.org\/2000\/svg\"><path d=\"M459.37 151.716c.325 4.548.325 9.097.325 13.645 0 138.72-105.583 298.558-298.558 298.558-59.452 0-114.68-17.219-161.137-47.106 8.447.974 16.568 1.299 25.34 1.299 49.055 0 94.213-16.568 130.274-44.832-46.132-.975-84.792-31.188-98.112-72.772 6.498.974 12.995 1.624 19.818 1.624 9.421 0 18.843-1.3 27.614-3.573-48.081-9.747-84.143-51.98-84.143-102.985v-1.299c13.969 7.797 30.214 12.67 47.431 13.319-28.264-18.843-46.781-51.005-46.781-87.391 0-19.492 5.197-37.36 14.294-52.954 51.655 63.675 129.3 105.258 216.365 109.807-1.624-7.797-2.599-15.918-2.599-24.04 0-57.828 46.782-104.934 104.934-104.934 30.213 0 57.502 12.67 76.67 33.137 23.715-4.548 46.456-13.32 66.599-25.34-7.798 24.366-24.366 44.833-46.132 57.827 21.117-2.273 41.584-8.122 60.426-16.243-14.292 20.791-32.161 39.308-52.628 54.253z\"><\/path><\/svg>\t\t\t\t\t<\/a>\n\t\t\t\t<\/span>\n\t\t\t\t\t\t\t<span class=\"elementor-grid-item\" role=\"listitem\">\n\t\t\t\t\t<a class=\"elementor-icon elementor-social-icon elementor-social-icon-youtube elementor-repeater-item-67386ca\" target=\"_blank\">\n\t\t\t\t\t\t<span class=\"elementor-screen-only\">Youtube<\/span>\n\t\t\t\t\t\t<svg aria-hidden=\"true\" class=\"e-font-icon-svg e-fab-youtube\" viewBox=\"0 0 576 512\" xmlns=\"http:\/\/www.w3.org\/2000\/svg\"><path d=\"M549.655 124.083c-6.281-23.65-24.787-42.276-48.284-48.597C458.781 64 288 64 288 64S117.22 64 74.629 75.486c-23.497 6.322-42.003 24.947-48.284 48.597-11.412 42.867-11.412 132.305-11.412 132.305s0 89.438 11.412 132.305c6.281 23.65 24.787 41.5 48.284 47.821C117.22 448 288 448 288 448s170.78 0 213.371-11.486c23.497-6.321 42.003-24.171 48.284-47.821 11.412-42.867 11.412-132.305 11.412-132.305s0-89.438-11.412-132.305zm-317.51 213.508V175.185l142.739 81.205-142.739 81.201z\"><\/path><\/svg>\t\t\t\t\t<\/a>\n\t\t\t\t<\/span>\n\t\t\t\t\t<\/div>\n\t\t\t\t\t\t<\/div>\n\t\t\t\t<\/div>\n\t\t\t\t\t<\/div>\n\t\t\t\t<\/div>\n\t\t<div class=\"elementor-element elementor-element-e9d59eb e-flex e-con-boxed e-con e-parent\" data-id=\"e9d59eb\" data-element_type=\"container\" data-e-type=\"container\" data-settings=\"{&quot;background_background&quot;:&quot;classic&quot;}\">\n\t\t\t\t\t<div class=\"e-con-inner\">\n\t\t<div class=\"elementor-element elementor-element-8d102af e-con-full e-flex e-con e-child\" data-id=\"8d102af\" data-element_type=\"container\" data-e-type=\"container\">\n\t\t\t\t<div class=\"elementor-element elementor-element-236ae5d elementor-widget elementor-widget-heading\" data-id=\"236ae5d\" data-element_type=\"widget\" data-e-type=\"widget\" data-widget_type=\"heading.default\">\n\t\t\t\t\t<h2 class=\"elementor-heading-title elementor-size-default\">Pong\u00e1monos en contacto<\/h2>\t\t\t\t<\/div>\n\t\t\t\t<\/div>\n\t\t\t\t\t<\/div>\n\t\t\t\t<\/div>\n\t\t\t\t<\/div>\n\t\t","protected":false},"excerpt":{"rendered":"<p>Contacto directo Si has llegado hasta aqu\u00ed, probablemente compartimos intereses o existe una oportunidad de colaboraci\u00f3n. Experi\u00e9ncia\u00a0 Mi experiencia abarca desde el desarrollo de producto hasta la gesti\u00f3n comercial y la formaci\u00f3n de equipos, por lo que puedo aportar valor en diferentes \u00e1reas del negocio. Redes sociales y mail dgfleta@yahoo.eslinkedin.com\/in\/david-fleta-gonz\u00e1lez-398bb763 wwwdavidfleta.com Facebook Twitter Youtube Pong\u00e1monos [&hellip;]<\/p>\n","protected":false},"author":1,"featured_media":0,"parent":0,"menu_order":0,"comment_status":"closed","ping_status":"closed","template":"elementor_header_footer","meta":{"footnotes":""},"class_list":["post-2","page","type-page","status-publish","hentry"],"yoast_head":"<!-- This site is optimized with the Yoast SEO plugin v27.1.1 - https:\/\/yoast.com\/product\/yoast-seo-wordpress\/ -->\n<title>Contacto - David Fleta<\/title>\n<meta name=\"robots\" content=\"index, follow, max-snippet:-1, max-image-preview:large, max-video-preview:-1\" \/>\n<link rel=\"canonical\" href=\"https:\/\/davidfleta.com\/?page_id=2\" \/>\n<meta property=\"og:locale\" content=\"es_ES\" \/>\n<meta property=\"og:type\" content=\"article\" \/>\n<meta property=\"og:title\" content=\"Contacto - David Fleta\" \/>\n<meta property=\"og:description\" content=\"Contacto directo Si has llegado hasta aqu\u00ed, probablemente compartimos intereses o existe una oportunidad de colaboraci\u00f3n. Experi\u00e9ncia\u00a0 Mi experiencia abarca desde el desarrollo de producto hasta la gesti\u00f3n comercial y la formaci\u00f3n de equipos, por lo que puedo aportar valor en diferentes \u00e1reas del negocio. Redes sociales y mail dgfleta@yahoo.eslinkedin.com\/in\/david-fleta-gonz\u00e1lez-398bb763 wwwdavidfleta.com Facebook Twitter Youtube Pong\u00e1monos [&hellip;]\" \/>\n<meta property=\"og:url\" content=\"https:\/\/davidfleta.com\/?page_id=2\" \/>\n<meta property=\"og:site_name\" content=\"David Fleta\" \/>\n<meta property=\"article:modified_time\" content=\"2026-03-19T13:12:28+00:00\" \/>\n<meta name=\"twitter:card\" content=\"summary_large_image\" \/>\n<meta name=\"twitter:label1\" content=\"Tiempo de lectura\" \/>\n\t<meta name=\"twitter:data1\" content=\"1 minuto\" \/>\n<script type=\"application\/ld+json\" class=\"yoast-schema-graph\">{\"@context\":\"https:\/\/schema.org\",\"@graph\":[{\"@type\":\"WebPage\",\"@id\":\"https:\/\/davidfleta.com\/?page_id=2\",\"url\":\"https:\/\/davidfleta.com\/?page_id=2\",\"name\":\"Contacto - David Fleta\",\"isPartOf\":{\"@id\":\"https:\/\/davidfleta.com\/#website\"},\"datePublished\":\"2026-02-25T11:54:57+00:00\",\"dateModified\":\"2026-03-19T13:12:28+00:00\",\"breadcrumb\":{\"@id\":\"https:\/\/davidfleta.com\/?page_id=2#breadcrumb\"},\"inLanguage\":\"es\",\"potentialAction\":[{\"@type\":\"ReadAction\",\"target\":[\"https:\/\/davidfleta.com\/?page_id=2\"]}]},{\"@type\":\"BreadcrumbList\",\"@id\":\"https:\/\/davidfleta.com\/?page_id=2#breadcrumb\",\"itemListElement\":[{\"@type\":\"ListItem\",\"position\":1,\"name\":\"Portada\",\"item\":\"https:\/\/davidfleta.com\/\"},{\"@type\":\"ListItem\",\"position\":2,\"name\":\"Contacto\"}]},{\"@type\":\"WebSite\",\"@id\":\"https:\/\/davidfleta.com\/#website\",\"url\":\"https:\/\/davidfleta.com\/\",\"name\":\"David Fleta\",\"description\":\"\",\"potentialAction\":[{\"@type\":\"SearchAction\",\"target\":{\"@type\":\"EntryPoint\",\"urlTemplate\":\"https:\/\/davidfleta.com\/?s={search_term_string}\"},\"query-input\":{\"@type\":\"PropertyValueSpecification\",\"valueRequired\":true,\"valueName\":\"search_term_string\"}}],\"inLanguage\":\"es\"}]}<\/script>\n<!-- \/ Yoast SEO plugin. -->","yoast_head_json":{"title":"Contacto - David Fleta","robots":{"index":"index","follow":"follow","max-snippet":"max-snippet:-1","max-image-preview":"max-image-preview:large","max-video-preview":"max-video-preview:-1"},"canonical":"https:\/\/davidfleta.com\/?page_id=2","og_locale":"es_ES","og_type":"article","og_title":"Contacto - David Fleta","og_description":"Contacto directo Si has llegado hasta aqu\u00ed, probablemente compartimos intereses o existe una oportunidad de colaboraci\u00f3n. Experi\u00e9ncia\u00a0 Mi experiencia abarca desde el desarrollo de producto hasta la gesti\u00f3n comercial y la formaci\u00f3n de equipos, por lo que puedo aportar valor en diferentes \u00e1reas del negocio. Redes sociales y mail dgfleta@yahoo.eslinkedin.com\/in\/david-fleta-gonz\u00e1lez-398bb763 wwwdavidfleta.com Facebook Twitter Youtube Pong\u00e1monos [&hellip;]","og_url":"https:\/\/davidfleta.com\/?page_id=2","og_site_name":"David Fleta","article_modified_time":"2026-03-19T13:12:28+00:00","twitter_card":"summary_large_image","twitter_misc":{"Tiempo de lectura":"1 minuto"},"schema":{"@context":"https:\/\/schema.org","@graph":[{"@type":"WebPage","@id":"https:\/\/davidfleta.com\/?page_id=2","url":"https:\/\/davidfleta.com\/?page_id=2","name":"Contacto - David Fleta","isPartOf":{"@id":"https:\/\/davidfleta.com\/#website"},"datePublished":"2026-02-25T11:54:57+00:00","dateModified":"2026-03-19T13:12:28+00:00","breadcrumb":{"@id":"https:\/\/davidfleta.com\/?page_id=2#breadcrumb"},"inLanguage":"es","potentialAction":[{"@type":"ReadAction","target":["https:\/\/davidfleta.com\/?page_id=2"]}]},{"@type":"BreadcrumbList","@id":"https:\/\/davidfleta.com\/?page_id=2#breadcrumb","itemListElement":[{"@type":"ListItem","position":1,"name":"Portada","item":"https:\/\/davidfleta.com\/"},{"@type":"ListItem","position":2,"name":"Contacto"}]},{"@type":"WebSite","@id":"https:\/\/davidfleta.com\/#website","url":"https:\/\/davidfleta.com\/","name":"David Fleta","description":"","potentialAction":[{"@type":"SearchAction","target":{"@type":"EntryPoint","urlTemplate":"https:\/\/davidfleta.com\/?s={search_term_string}"},"query-input":{"@type":"PropertyValueSpecification","valueRequired":true,"valueName":"search_term_string"}}],"inLanguage":"es"}]}},"_links":{"self":[{"href":"https:\/\/davidfleta.com\/index.php?rest_route=\/wp\/v2\/pages\/2","targetHints":{"allow":["GET"]}}],"collection":[{"href":"https:\/\/davidfleta.com\/index.php?rest_route=\/wp\/v2\/pages"}],"about":[{"href":"https:\/\/davidfleta.com\/index.php?rest_route=\/wp\/v2\/types\/page"}],"author":[{"embeddable":true,"href":"https:\/\/davidfleta.com\/index.php?rest_route=\/wp\/v2\/users\/1"}],"replies":[{"embeddable":true,"href":"https:\/\/davidfleta.com\/index.php?rest_route=%2Fwp%2Fv2%2Fcomments&post=2"}],"version-history":[{"count":43,"href":"https:\/\/davidfleta.com\/index.php?rest_route=\/wp\/v2\/pages\/2\/revisions"}],"predecessor-version":[{"id":208,"href":"https:\/\/davidfleta.com\/index.php?rest_route=\/wp\/v2\/pages\/2\/revisions\/208"}],"wp:attachment":[{"href":"https:\/\/davidfleta.com\/index.php?rest_route=%2Fwp%2Fv2%2Fmedia&parent=2"}],"curies":[{"name":"wp","href":"https:\/\/api.w.org\/{rel}","templated":true}]}}