{"id":168,"date":"2026-03-18T11:53:01","date_gmt":"2026-03-18T11:53:01","guid":{"rendered":"https:\/\/davidfleta.com\/?page_id=168"},"modified":"2026-03-19T13:33:40","modified_gmt":"2026-03-19T13:33:40","slug":"experiencia","status":"publish","type":"page","link":"https:\/\/davidfleta.com\/?page_id=168","title":{"rendered":"Experiencia"},"content":{"rendered":"\t\t<div data-elementor-type=\"wp-page\" data-elementor-id=\"168\" class=\"elementor elementor-168\" data-elementor-post-type=\"page\">\n\t\t\t\t<div class=\"elementor-element elementor-element-3bd1938 e-con-full e-flex e-con e-parent\" data-id=\"3bd1938\" data-element_type=\"container\" data-e-type=\"container\" data-settings=\"{&quot;background_background&quot;:&quot;video&quot;,&quot;background_video_link&quot;:&quot;https:\\\/\\\/youtu.be\\\/rYwvunVIrn4&quot;,&quot;background_play_on_mobile&quot;:&quot;yes&quot;,&quot;background_privacy_mode&quot;:&quot;yes&quot;}\">\n\t\t<div class=\"elementor-background-video-container\">\n\t\t\t\t\t\t\t<div class=\"elementor-background-video-embed\" role=\"presentation\"><\/div>\n\t\t\t\t\t\t<\/div>\t\t<div class=\"elementor-element elementor-element-d422bc6 elementor-widget elementor-widget-heading\" data-id=\"d422bc6\" data-element_type=\"widget\" data-e-type=\"widget\" data-widget_type=\"heading.default\">\n\t\t\t\t\t<h2 class=\"elementor-heading-title elementor-size-default\">Experi\u00e9ncia<\/h2>\t\t\t\t<\/div>\n\t\t\t\t<div class=\"elementor-element elementor-element-4a4fdf5 elementor-widget elementor-widget-text-editor\" data-id=\"4a4fdf5\" data-element_type=\"widget\" data-e-type=\"widget\" data-widget_type=\"text-editor.default\">\n\t\t\t\t\t\t\t\t\tA lo largo de mi trayectoria profesional he desarrollado experiencia en m\u00faltiples \u00e1reas, combinando estrategia, gesti\u00f3n y formaci\u00f3n.\t\t\t\t\t\t\t\t<\/div>\n\t\t\t\t<\/div>\n\t\t<div class=\"elementor-element elementor-element-62cd5f9 e-flex e-con-boxed e-con e-parent\" data-id=\"62cd5f9\" data-element_type=\"container\" data-e-type=\"container\">\n\t\t\t\t\t<div class=\"e-con-inner\">\n\t\t<div class=\"elementor-element elementor-element-57f38fb e-con-full e-flex e-con e-child\" data-id=\"57f38fb\" data-element_type=\"container\" data-e-type=\"container\">\n\t\t\t\t<div class=\"elementor-element elementor-element-51dc592 elementor-widget elementor-widget-heading\" data-id=\"51dc592\" data-element_type=\"widget\" data-e-type=\"widget\" data-widget_type=\"heading.default\">\n\t\t\t\t\t<h2 class=\"elementor-heading-title elementor-size-default\">Trayectoria\nprofesional<\/h2>\t\t\t\t<\/div>\n\t\t\t\t<\/div>\n\t\t<div class=\"elementor-element elementor-element-665a68f e-con-full e-flex e-con e-child\" data-id=\"665a68f\" data-element_type=\"container\" data-e-type=\"container\">\n\t\t\t\t<div class=\"elementor-element elementor-element-0f1ca24 elementor-widget elementor-widget-text-editor\" data-id=\"0f1ca24\" data-element_type=\"widget\" data-e-type=\"widget\" data-widget_type=\"text-editor.default\">\n\t\t\t\t\t\t\t\t\tHe trabajado en sectores como turismo, seguros de asistencia en viaje y marketing digital, liderando proyectos que abarcan desde la creaci\u00f3n de productos y la gesti\u00f3n de cuentas estrat\u00e9gicas, hasta la formaci\u00f3n y acompa\u00f1amiento de equipos comerciales.\t\t\t\t\t\t\t\t<\/div>\n\t\t\t\t<\/div>\n\t\t\t\t\t<\/div>\n\t\t\t\t<\/div>\n\t\t<div class=\"elementor-element elementor-element-2b29c8c e-flex e-con-boxed e-con e-parent\" data-id=\"2b29c8c\" data-element_type=\"container\" data-e-type=\"container\">\n\t\t\t\t\t<div class=\"e-con-inner\">\n\t\t<div class=\"elementor-element elementor-element-2ac0ea2 e-con-full e-flex e-con e-child\" data-id=\"2ac0ea2\" data-element_type=\"container\" data-e-type=\"container\">\n\t\t<div class=\"elementor-element elementor-element-2843745 e-con-full e-flex e-con e-child\" data-id=\"2843745\" data-element_type=\"container\" data-e-type=\"container\" data-settings=\"{&quot;background_background&quot;:&quot;classic&quot;}\">\n\t\t\t\t<div class=\"elementor-element elementor-element-91b19f1 elementor-widget elementor-widget-text-editor\" data-id=\"91b19f1\" data-element_type=\"widget\" data-e-type=\"widget\" data-widget_type=\"text-editor.default\">\n\t\t\t\t\t\t\t\t\t<p><strong>2021 &#8211; Actualidad | Barcelona, Espa\u00f1a<\/strong><\/p><ul><li>Lidero Mundicover, especialista en seguros de viaje.<\/li><li>Desarrollo de negocio y estrategia global de la empresa.<\/li><li>Gesti\u00f3n de relaciones con clientes y partners del sector tur\u00edstico.<\/li><li>Innovaci\u00f3n en productos de asistencia en viaje.<\/li><\/ul>\t\t\t\t\t\t\t\t<\/div>\n\t\t\t\t<\/div>\n\t\t\t\t<\/div>\n\t\t<div class=\"elementor-element elementor-element-59dfc05 e-con-full e-flex e-con e-child\" data-id=\"59dfc05\" data-element_type=\"container\" data-e-type=\"container\">\n\t\t<div class=\"elementor-element elementor-element-80fcc16 e-con-full e-flex e-con e-child\" data-id=\"80fcc16\" data-element_type=\"container\" data-e-type=\"container\" data-settings=\"{&quot;background_background&quot;:&quot;classic&quot;}\">\n\t\t\t\t<div class=\"elementor-element elementor-element-e95d493 elementor-widget elementor-widget-image\" data-id=\"e95d493\" data-element_type=\"widget\" data-e-type=\"widget\" data-widget_type=\"image.default\">\n\t\t\t\t\t\t\t\t\t\t\t\t\t\t\t<img decoding=\"async\" width=\"260\" height=\"80\" src=\"https:\/\/davidfleta.com\/wp-content\/uploads\/2026\/03\/mundicover.png\" class=\"attachment-large size-large wp-image-185\" alt=\"\" \/>\t\t\t\t\t\t\t\t\t\t\t\t\t\t\t<\/div>\n\t\t\t\t<\/div>\n\t\t\t\t<\/div>\n\t\t\t\t\t<\/div>\n\t\t\t\t<\/div>\n\t\t<div class=\"elementor-element elementor-element-e8c0597 e-flex e-con-boxed e-con e-parent\" data-id=\"e8c0597\" data-element_type=\"container\" data-e-type=\"container\">\n\t\t\t\t\t<div class=\"e-con-inner\">\n\t\t<div class=\"elementor-element elementor-element-5f4309f e-con-full e-flex e-con e-child\" data-id=\"5f4309f\" data-element_type=\"container\" data-e-type=\"container\">\n\t\t<div class=\"elementor-element elementor-element-fb8a87a e-con-full e-flex e-con e-child\" data-id=\"fb8a87a\" data-element_type=\"container\" data-e-type=\"container\" data-settings=\"{&quot;background_background&quot;:&quot;classic&quot;}\">\n\t\t\t\t<div class=\"elementor-element elementor-element-b18395c elementor-widget elementor-widget-text-editor\" data-id=\"b18395c\" data-element_type=\"widget\" data-e-type=\"widget\" data-widget_type=\"text-editor.default\">\n\t\t\t\t\t\t\t\t\t<p><strong>May 2017 &#8211; Oct 2020 | Barcelona, Espa\u00f1a<\/strong><\/p><ul><li>Gesti\u00f3n de cuentas de agencias de viajes independientes y estrat\u00e9gicas (Barcelona, Madrid, Baleares, Canarias).<\/li><li>Contacto directo con grupos de gesti\u00f3n de agencias y asociaciones de turismo.<\/li><li>Creaci\u00f3n de productos de asistencia en viaje y apoyo a la fuerza de ventas.<\/li><li>Formaci\u00f3n presencial y online de agencias de viajes.<\/li><\/ul>\t\t\t\t\t\t\t\t<\/div>\n\t\t\t\t<\/div>\n\t\t\t\t<\/div>\n\t\t<div class=\"elementor-element elementor-element-fe2e18e e-con-full e-flex e-con e-child\" data-id=\"fe2e18e\" data-element_type=\"container\" data-e-type=\"container\">\n\t\t<div class=\"elementor-element elementor-element-f63b521 e-con-full e-flex e-con e-child\" data-id=\"f63b521\" data-element_type=\"container\" data-e-type=\"container\" data-settings=\"{&quot;background_background&quot;:&quot;classic&quot;}\">\n\t\t\t\t<div class=\"elementor-element elementor-element-7da7141 elementor-widget elementor-widget-image\" data-id=\"7da7141\" data-element_type=\"widget\" data-e-type=\"widget\" data-widget_type=\"image.default\">\n\t\t\t\t\t\t\t\t\t\t\t\t\t\t\t<img fetchpriority=\"high\" decoding=\"async\" width=\"350\" height=\"200\" src=\"https:\/\/davidfleta.com\/wp-content\/uploads\/2026\/03\/Diseno-sin-titulo-2023-02-10T100610.050.jpg\" class=\"attachment-large size-large wp-image-186\" alt=\"\" srcset=\"https:\/\/davidfleta.com\/wp-content\/uploads\/2026\/03\/Diseno-sin-titulo-2023-02-10T100610.050.jpg 350w, https:\/\/davidfleta.com\/wp-content\/uploads\/2026\/03\/Diseno-sin-titulo-2023-02-10T100610.050-300x171.jpg 300w\" sizes=\"(max-width: 350px) 100vw, 350px\" \/>\t\t\t\t\t\t\t\t\t\t\t\t\t\t\t<\/div>\n\t\t\t\t<\/div>\n\t\t\t\t<\/div>\n\t\t\t\t\t<\/div>\n\t\t\t\t<\/div>\n\t\t<div class=\"elementor-element elementor-element-c595456 e-flex e-con-boxed e-con e-parent\" data-id=\"c595456\" data-element_type=\"container\" data-e-type=\"container\">\n\t\t\t\t\t<div class=\"e-con-inner\">\n\t\t<div class=\"elementor-element elementor-element-aa15218 e-con-full e-flex e-con e-child\" data-id=\"aa15218\" data-element_type=\"container\" data-e-type=\"container\">\n\t\t<div class=\"elementor-element elementor-element-cdf751d e-con-full e-flex e-con e-child\" data-id=\"cdf751d\" data-element_type=\"container\" data-e-type=\"container\" data-settings=\"{&quot;background_background&quot;:&quot;classic&quot;}\">\n\t\t\t\t<div class=\"elementor-element elementor-element-14b8d82 elementor-widget elementor-widget-text-editor\" data-id=\"14b8d82\" data-element_type=\"widget\" data-e-type=\"widget\" data-widget_type=\"text-editor.default\">\n\t\t\t\t\t\t\t\t\t<p><strong>Ene 2008 &#8211; Abr 2017 | Barcelona, Espa\u00f1a<\/strong><\/p><ul><li>Formaci\u00f3n y supervisi\u00f3n de agencias de viajes.<\/li><li>Promoci\u00f3n de seguros de viaje y resoluci\u00f3n de incidencias.<\/li><li>Coordinaci\u00f3n y seguimiento de proyectos tur\u00edsticos.<\/li><\/ul>\t\t\t\t\t\t\t\t<\/div>\n\t\t\t\t<\/div>\n\t\t\t\t<\/div>\n\t\t<div class=\"elementor-element elementor-element-79d31b6 e-con-full e-flex e-con e-child\" data-id=\"79d31b6\" data-element_type=\"container\" data-e-type=\"container\">\n\t\t<div class=\"elementor-element elementor-element-28772e7 e-con-full e-flex e-con e-child\" data-id=\"28772e7\" data-element_type=\"container\" data-e-type=\"container\" data-settings=\"{&quot;background_background&quot;:&quot;classic&quot;}\">\n\t\t\t\t<div class=\"elementor-element elementor-element-9bee5c4 elementor-widget elementor-widget-image\" data-id=\"9bee5c4\" data-element_type=\"widget\" data-e-type=\"widget\" data-widget_type=\"image.default\">\n\t\t\t\t\t\t\t\t\t\t\t\t\t\t\t<img decoding=\"async\" width=\"205\" height=\"205\" src=\"https:\/\/davidfleta.com\/wp-content\/uploads\/2026\/03\/images.jpg\" class=\"attachment-large size-large wp-image-189\" alt=\"\" srcset=\"https:\/\/davidfleta.com\/wp-content\/uploads\/2026\/03\/images.jpg 205w, https:\/\/davidfleta.com\/wp-content\/uploads\/2026\/03\/images-150x150.jpg 150w\" sizes=\"(max-width: 205px) 100vw, 205px\" \/>\t\t\t\t\t\t\t\t\t\t\t\t\t\t\t<\/div>\n\t\t\t\t<\/div>\n\t\t\t\t<\/div>\n\t\t\t\t\t<\/div>\n\t\t\t\t<\/div>\n\t\t<div class=\"elementor-element elementor-element-7a58f49 e-flex e-con-boxed e-con e-parent\" data-id=\"7a58f49\" data-element_type=\"container\" data-e-type=\"container\">\n\t\t\t\t\t<div class=\"e-con-inner\">\n\t\t<div class=\"elementor-element elementor-element-86289f2 e-con-full e-flex e-con e-child\" data-id=\"86289f2\" data-element_type=\"container\" data-e-type=\"container\">\n\t\t<div class=\"elementor-element elementor-element-5c09a95 e-con-full e-flex e-con e-child\" data-id=\"5c09a95\" data-element_type=\"container\" data-e-type=\"container\" data-settings=\"{&quot;background_background&quot;:&quot;classic&quot;}\">\n\t\t\t\t<div class=\"elementor-element elementor-element-3c53b6d elementor-widget elementor-widget-text-editor\" data-id=\"3c53b6d\" data-element_type=\"widget\" data-e-type=\"widget\" data-widget_type=\"text-editor.default\">\n\t\t\t\t\t\t\t\t\t<p><strong>Nov 2005 &#8211; Ene 2008 | Matar\u00f3, Espa\u00f1a<\/strong><\/p><ul><li>Gesti\u00f3n integral de agencia de viajes minorista.<\/li><li>Supervisi\u00f3n de operaciones, ventas y atenci\u00f3n al cliente.<\/li><\/ul>\t\t\t\t\t\t\t\t<\/div>\n\t\t\t\t<\/div>\n\t\t\t\t<\/div>\n\t\t<div class=\"elementor-element elementor-element-99a30f7 e-con-full e-flex e-con e-child\" data-id=\"99a30f7\" data-element_type=\"container\" data-e-type=\"container\">\n\t\t<div class=\"elementor-element elementor-element-7f20464 e-con-full e-flex e-con e-child\" data-id=\"7f20464\" data-element_type=\"container\" data-e-type=\"container\" data-settings=\"{&quot;background_background&quot;:&quot;classic&quot;}\">\n\t\t\t\t<div class=\"elementor-element elementor-element-2745837 elementor-widget elementor-widget-image\" data-id=\"2745837\" data-element_type=\"widget\" data-e-type=\"widget\" data-widget_type=\"image.default\">\n\t\t\t\t\t\t\t\t\t\t\t\t\t\t\t<img loading=\"lazy\" decoding=\"async\" width=\"500\" height=\"130\" src=\"https:\/\/davidfleta.com\/wp-content\/uploads\/2026\/03\/puravida-turkey-tour-turkey-travel-turquia-logo.png\" class=\"attachment-large size-large wp-image-188\" alt=\"\" srcset=\"https:\/\/davidfleta.com\/wp-content\/uploads\/2026\/03\/puravida-turkey-tour-turkey-travel-turquia-logo.png 500w, https:\/\/davidfleta.com\/wp-content\/uploads\/2026\/03\/puravida-turkey-tour-turkey-travel-turquia-logo-300x78.png 300w\" sizes=\"(max-width: 500px) 100vw, 500px\" \/>\t\t\t\t\t\t\t\t\t\t\t\t\t\t\t<\/div>\n\t\t\t\t<\/div>\n\t\t\t\t<\/div>\n\t\t\t\t\t<\/div>\n\t\t\t\t<\/div>\n\t\t<div class=\"elementor-element elementor-element-22a7696 e-flex e-con-boxed e-con e-parent\" data-id=\"22a7696\" data-element_type=\"container\" data-e-type=\"container\">\n\t\t\t\t\t<div class=\"e-con-inner\">\n\t\t<div class=\"elementor-element elementor-element-19b44f4 e-con-full e-flex e-con e-child\" data-id=\"19b44f4\" data-element_type=\"container\" data-e-type=\"container\">\n\t\t<div class=\"elementor-element elementor-element-85967c9 e-con-full e-flex e-con e-child\" data-id=\"85967c9\" data-element_type=\"container\" data-e-type=\"container\" data-settings=\"{&quot;background_background&quot;:&quot;classic&quot;}\">\n\t\t\t\t<div class=\"elementor-element elementor-element-ce581b4 elementor-widget elementor-widget-text-editor\" data-id=\"ce581b4\" data-element_type=\"widget\" data-e-type=\"widget\" data-widget_type=\"text-editor.default\">\n\t\t\t\t\t\t\t\t\t<p><strong>Feb 2005 &#8211; Ene 2006 | Barcelona, Espa\u00f1a<\/strong><\/p><ul><li>Coordinaci\u00f3n de proyectos a nivel nacional.<\/li><li>Implantaci\u00f3n de nuevos centros para Lidl y Media Markt.<\/li><\/ul>\t\t\t\t\t\t\t\t<\/div>\n\t\t\t\t<\/div>\n\t\t\t\t<\/div>\n\t\t<div class=\"elementor-element elementor-element-0f67ed7 e-con-full e-flex e-con e-child\" data-id=\"0f67ed7\" data-element_type=\"container\" data-e-type=\"container\">\n\t\t<div class=\"elementor-element elementor-element-066dde7 e-con-full e-flex e-con e-child\" data-id=\"066dde7\" data-element_type=\"container\" data-e-type=\"container\" data-settings=\"{&quot;background_background&quot;:&quot;classic&quot;}\">\n\t\t\t\t<div class=\"elementor-element elementor-element-8a861ae elementor-widget elementor-widget-image\" data-id=\"8a861ae\" data-element_type=\"widget\" data-e-type=\"widget\" data-widget_type=\"image.default\">\n\t\t\t\t\t\t\t\t\t\t\t\t\t\t\t<img loading=\"lazy\" decoding=\"async\" width=\"800\" height=\"202\" src=\"https:\/\/davidfleta.com\/wp-content\/uploads\/2026\/03\/habitatfuture.jpg\" class=\"attachment-large size-large wp-image-187\" alt=\"\" srcset=\"https:\/\/davidfleta.com\/wp-content\/uploads\/2026\/03\/habitatfuture.jpg 1000w, https:\/\/davidfleta.com\/wp-content\/uploads\/2026\/03\/habitatfuture-300x76.jpg 300w, https:\/\/davidfleta.com\/wp-content\/uploads\/2026\/03\/habitatfuture-768x194.jpg 768w\" sizes=\"(max-width: 800px) 100vw, 800px\" \/>\t\t\t\t\t\t\t\t\t\t\t\t\t\t\t<\/div>\n\t\t\t\t<\/div>\n\t\t\t\t<\/div>\n\t\t\t\t\t<\/div>\n\t\t\t\t<\/div>\n\t\t<div class=\"elementor-element elementor-element-0bd8fc4 e-flex e-con-boxed e-con e-parent\" data-id=\"0bd8fc4\" data-element_type=\"container\" data-e-type=\"container\">\n\t\t\t\t\t<div class=\"e-con-inner\">\n\t\t<div class=\"elementor-element elementor-element-bab7dfa e-con-full e-flex e-con e-child\" data-id=\"bab7dfa\" data-element_type=\"container\" data-e-type=\"container\">\n\t\t<div class=\"elementor-element elementor-element-bbb86bd e-con-full e-flex e-con e-child\" data-id=\"bbb86bd\" data-element_type=\"container\" data-e-type=\"container\" data-settings=\"{&quot;background_background&quot;:&quot;classic&quot;}\">\n\t\t\t\t<div class=\"elementor-element elementor-element-9247cad elementor-widget elementor-widget-text-editor\" data-id=\"9247cad\" data-element_type=\"widget\" data-e-type=\"widget\" data-widget_type=\"text-editor.default\">\n\t\t\t\t\t\t\t\t\t<p><strong>Sept 1999 &#8211; Feb 2005 | Barcelona, Espa\u00f1a<\/strong><\/p><ul><li>Gesti\u00f3n de cuentas corporativas en Vodafone Espa\u00f1a y distribuidores.<\/li><li>Liderazgo de equipos comerciales y desarrollo de estrategias de ventas.<\/li><li>Experiencia en telecomunicaciones y relaci\u00f3n con clientes empresariales.<\/li><\/ul>\t\t\t\t\t\t\t\t<\/div>\n\t\t\t\t<\/div>\n\t\t\t\t<\/div>\n\t\t<div class=\"elementor-element elementor-element-7fd7406 e-con-full e-flex e-con e-child\" data-id=\"7fd7406\" data-element_type=\"container\" data-e-type=\"container\">\n\t\t<div class=\"elementor-element elementor-element-b89fce6 e-con-full e-flex e-con e-child\" data-id=\"b89fce6\" data-element_type=\"container\" data-e-type=\"container\" data-settings=\"{&quot;background_background&quot;:&quot;classic&quot;}\">\n\t\t\t\t<div class=\"elementor-element elementor-element-8c599c6 elementor-widget elementor-widget-image\" data-id=\"8c599c6\" data-element_type=\"widget\" data-e-type=\"widget\" data-widget_type=\"image.default\">\n\t\t\t\t\t\t\t\t\t\t\t\t\t\t\t<img loading=\"lazy\" decoding=\"async\" width=\"800\" height=\"623\" src=\"https:\/\/davidfleta.com\/wp-content\/uploads\/2026\/03\/ifoDI7rQJDSrPvUtD464sBX_6PzH7-kbwJlgVjT8jUQ-1-1024x798.avif\" class=\"attachment-large size-large wp-image-184\" alt=\"\" srcset=\"https:\/\/davidfleta.com\/wp-content\/uploads\/2026\/03\/ifoDI7rQJDSrPvUtD464sBX_6PzH7-kbwJlgVjT8jUQ-1-1024x798.avif 1024w, https:\/\/davidfleta.com\/wp-content\/uploads\/2026\/03\/ifoDI7rQJDSrPvUtD464sBX_6PzH7-kbwJlgVjT8jUQ-1-300x234.avif 300w, https:\/\/davidfleta.com\/wp-content\/uploads\/2026\/03\/ifoDI7rQJDSrPvUtD464sBX_6PzH7-kbwJlgVjT8jUQ-1-768x598.avif 768w, https:\/\/davidfleta.com\/wp-content\/uploads\/2026\/03\/ifoDI7rQJDSrPvUtD464sBX_6PzH7-kbwJlgVjT8jUQ-1-1536x1197.avif 1536w, https:\/\/davidfleta.com\/wp-content\/uploads\/2026\/03\/ifoDI7rQJDSrPvUtD464sBX_6PzH7-kbwJlgVjT8jUQ-1.avif 2000w\" sizes=\"(max-width: 800px) 100vw, 800px\" \/>\t\t\t\t\t\t\t\t\t\t\t\t\t\t\t<\/div>\n\t\t\t\t<\/div>\n\t\t\t\t<\/div>\n\t\t\t\t\t<\/div>\n\t\t\t\t<\/div>\n\t\t\t\t<\/div>\n\t\t","protected":false},"excerpt":{"rendered":"<p>Experi\u00e9ncia A lo largo de mi trayectoria profesional he desarrollado experiencia en m\u00faltiples \u00e1reas, combinando estrategia, gesti\u00f3n y formaci\u00f3n. Trayectoria profesional He trabajado en sectores como turismo, seguros de asistencia en viaje y marketing digital, liderando proyectos que abarcan desde la creaci\u00f3n de productos y la gesti\u00f3n de cuentas estrat\u00e9gicas, hasta la formaci\u00f3n y acompa\u00f1amiento [&hellip;]<\/p>\n","protected":false},"author":1,"featured_media":0,"parent":0,"menu_order":0,"comment_status":"closed","ping_status":"closed","template":"","meta":{"footnotes":""},"class_list":["post-168","page","type-page","status-publish","hentry"],"yoast_head":"<!-- This site is optimized with the Yoast SEO plugin v27.1.1 - https:\/\/yoast.com\/product\/yoast-seo-wordpress\/ -->\n<title>Experiencia - David Fleta<\/title>\n<meta name=\"robots\" content=\"index, follow, max-snippet:-1, max-image-preview:large, max-video-preview:-1\" \/>\n<link rel=\"canonical\" href=\"https:\/\/davidfleta.com\/?page_id=168\" \/>\n<meta property=\"og:locale\" content=\"es_ES\" \/>\n<meta property=\"og:type\" content=\"article\" \/>\n<meta property=\"og:title\" content=\"Experiencia - David Fleta\" \/>\n<meta property=\"og:description\" content=\"Experi\u00e9ncia A lo largo de mi trayectoria profesional he desarrollado experiencia en m\u00faltiples \u00e1reas, combinando estrategia, gesti\u00f3n y formaci\u00f3n. Trayectoria profesional He trabajado en sectores como turismo, seguros de asistencia en viaje y marketing digital, liderando proyectos que abarcan desde la creaci\u00f3n de productos y la gesti\u00f3n de cuentas estrat\u00e9gicas, hasta la formaci\u00f3n y acompa\u00f1amiento [&hellip;]\" \/>\n<meta property=\"og:url\" content=\"https:\/\/davidfleta.com\/?page_id=168\" \/>\n<meta property=\"og:site_name\" content=\"David Fleta\" \/>\n<meta property=\"article:modified_time\" content=\"2026-03-19T13:33:40+00:00\" \/>\n<meta property=\"og:image\" content=\"https:\/\/davidfleta.com\/wp-content\/uploads\/2026\/03\/mundicover.png\" \/>\n\t<meta property=\"og:image:width\" content=\"260\" \/>\n\t<meta property=\"og:image:height\" content=\"80\" \/>\n\t<meta property=\"og:image:type\" content=\"image\/png\" \/>\n<meta name=\"twitter:card\" content=\"summary_large_image\" \/>\n<meta name=\"twitter:label1\" content=\"Tiempo de lectura\" \/>\n\t<meta name=\"twitter:data1\" content=\"2 minutos\" \/>\n<script type=\"application\/ld+json\" class=\"yoast-schema-graph\">{\"@context\":\"https:\/\/schema.org\",\"@graph\":[{\"@type\":\"WebPage\",\"@id\":\"https:\/\/davidfleta.com\/?page_id=168\",\"url\":\"https:\/\/davidfleta.com\/?page_id=168\",\"name\":\"Experiencia - David Fleta\",\"isPartOf\":{\"@id\":\"https:\/\/davidfleta.com\/#website\"},\"primaryImageOfPage\":{\"@id\":\"https:\/\/davidfleta.com\/?page_id=168#primaryimage\"},\"image\":{\"@id\":\"https:\/\/davidfleta.com\/?page_id=168#primaryimage\"},\"thumbnailUrl\":\"https:\/\/davidfleta.com\/wp-content\/uploads\/2026\/03\/mundicover.png\",\"datePublished\":\"2026-03-18T11:53:01+00:00\",\"dateModified\":\"2026-03-19T13:33:40+00:00\",\"breadcrumb\":{\"@id\":\"https:\/\/davidfleta.com\/?page_id=168#breadcrumb\"},\"inLanguage\":\"es\",\"potentialAction\":[{\"@type\":\"ReadAction\",\"target\":[\"https:\/\/davidfleta.com\/?page_id=168\"]}]},{\"@type\":\"ImageObject\",\"inLanguage\":\"es\",\"@id\":\"https:\/\/davidfleta.com\/?page_id=168#primaryimage\",\"url\":\"https:\/\/davidfleta.com\/wp-content\/uploads\/2026\/03\/mundicover.png\",\"contentUrl\":\"https:\/\/davidfleta.com\/wp-content\/uploads\/2026\/03\/mundicover.png\",\"width\":260,\"height\":80},{\"@type\":\"BreadcrumbList\",\"@id\":\"https:\/\/davidfleta.com\/?page_id=168#breadcrumb\",\"itemListElement\":[{\"@type\":\"ListItem\",\"position\":1,\"name\":\"Portada\",\"item\":\"https:\/\/davidfleta.com\/\"},{\"@type\":\"ListItem\",\"position\":2,\"name\":\"Experiencia\"}]},{\"@type\":\"WebSite\",\"@id\":\"https:\/\/davidfleta.com\/#website\",\"url\":\"https:\/\/davidfleta.com\/\",\"name\":\"David Fleta\",\"description\":\"\",\"potentialAction\":[{\"@type\":\"SearchAction\",\"target\":{\"@type\":\"EntryPoint\",\"urlTemplate\":\"https:\/\/davidfleta.com\/?s={search_term_string}\"},\"query-input\":{\"@type\":\"PropertyValueSpecification\",\"valueRequired\":true,\"valueName\":\"search_term_string\"}}],\"inLanguage\":\"es\"}]}<\/script>\n<!-- \/ Yoast SEO plugin. -->","yoast_head_json":{"title":"Experiencia - David Fleta","robots":{"index":"index","follow":"follow","max-snippet":"max-snippet:-1","max-image-preview":"max-image-preview:large","max-video-preview":"max-video-preview:-1"},"canonical":"https:\/\/davidfleta.com\/?page_id=168","og_locale":"es_ES","og_type":"article","og_title":"Experiencia - David Fleta","og_description":"Experi\u00e9ncia A lo largo de mi trayectoria profesional he desarrollado experiencia en m\u00faltiples \u00e1reas, combinando estrategia, gesti\u00f3n y formaci\u00f3n. Trayectoria profesional He trabajado en sectores como turismo, seguros de asistencia en viaje y marketing digital, liderando proyectos que abarcan desde la creaci\u00f3n de productos y la gesti\u00f3n de cuentas estrat\u00e9gicas, hasta la formaci\u00f3n y acompa\u00f1amiento [&hellip;]","og_url":"https:\/\/davidfleta.com\/?page_id=168","og_site_name":"David Fleta","article_modified_time":"2026-03-19T13:33:40+00:00","og_image":[{"width":260,"height":80,"url":"https:\/\/davidfleta.com\/wp-content\/uploads\/2026\/03\/mundicover.png","type":"image\/png"}],"twitter_card":"summary_large_image","twitter_misc":{"Tiempo de lectura":"2 minutos"},"schema":{"@context":"https:\/\/schema.org","@graph":[{"@type":"WebPage","@id":"https:\/\/davidfleta.com\/?page_id=168","url":"https:\/\/davidfleta.com\/?page_id=168","name":"Experiencia - David Fleta","isPartOf":{"@id":"https:\/\/davidfleta.com\/#website"},"primaryImageOfPage":{"@id":"https:\/\/davidfleta.com\/?page_id=168#primaryimage"},"image":{"@id":"https:\/\/davidfleta.com\/?page_id=168#primaryimage"},"thumbnailUrl":"https:\/\/davidfleta.com\/wp-content\/uploads\/2026\/03\/mundicover.png","datePublished":"2026-03-18T11:53:01+00:00","dateModified":"2026-03-19T13:33:40+00:00","breadcrumb":{"@id":"https:\/\/davidfleta.com\/?page_id=168#breadcrumb"},"inLanguage":"es","potentialAction":[{"@type":"ReadAction","target":["https:\/\/davidfleta.com\/?page_id=168"]}]},{"@type":"ImageObject","inLanguage":"es","@id":"https:\/\/davidfleta.com\/?page_id=168#primaryimage","url":"https:\/\/davidfleta.com\/wp-content\/uploads\/2026\/03\/mundicover.png","contentUrl":"https:\/\/davidfleta.com\/wp-content\/uploads\/2026\/03\/mundicover.png","width":260,"height":80},{"@type":"BreadcrumbList","@id":"https:\/\/davidfleta.com\/?page_id=168#breadcrumb","itemListElement":[{"@type":"ListItem","position":1,"name":"Portada","item":"https:\/\/davidfleta.com\/"},{"@type":"ListItem","position":2,"name":"Experiencia"}]},{"@type":"WebSite","@id":"https:\/\/davidfleta.com\/#website","url":"https:\/\/davidfleta.com\/","name":"David Fleta","description":"","potentialAction":[{"@type":"SearchAction","target":{"@type":"EntryPoint","urlTemplate":"https:\/\/davidfleta.com\/?s={search_term_string}"},"query-input":{"@type":"PropertyValueSpecification","valueRequired":true,"valueName":"search_term_string"}}],"inLanguage":"es"}]}},"_links":{"self":[{"href":"https:\/\/davidfleta.com\/index.php?rest_route=\/wp\/v2\/pages\/168","targetHints":{"allow":["GET"]}}],"collection":[{"href":"https:\/\/davidfleta.com\/index.php?rest_route=\/wp\/v2\/pages"}],"about":[{"href":"https:\/\/davidfleta.com\/index.php?rest_route=\/wp\/v2\/types\/page"}],"author":[{"embeddable":true,"href":"https:\/\/davidfleta.com\/index.php?rest_route=\/wp\/v2\/users\/1"}],"replies":[{"embeddable":true,"href":"https:\/\/davidfleta.com\/index.php?rest_route=%2Fwp%2Fv2%2Fcomments&post=168"}],"version-history":[{"count":10,"href":"https:\/\/davidfleta.com\/index.php?rest_route=\/wp\/v2\/pages\/168\/revisions"}],"predecessor-version":[{"id":215,"href":"https:\/\/davidfleta.com\/index.php?rest_route=\/wp\/v2\/pages\/168\/revisions\/215"}],"wp:attachment":[{"href":"https:\/\/davidfleta.com\/index.php?rest_route=%2Fwp%2Fv2%2Fmedia&parent=168"}],"curies":[{"name":"wp","href":"https:\/\/api.w.org\/{rel}","templated":true}]}}